{"id":5379,"date":"2021-11-26T16:58:59","date_gmt":"2021-11-26T16:58:59","guid":{"rendered":"https:\/\/aca-education.ca\/?page_id=5379"},"modified":"2022-04-13T14:59:40","modified_gmt":"2022-04-13T18:59:40","slug":"assemblee-generale-annuelle","status":"publish","type":"page","link":"https:\/\/aca-education.ca\/fr\/assemblee-generale-annuelle\/","title":{"rendered":"Assembl\u00e9e g\u00e9n\u00e9rale annuelle"},"content":{"rendered":"","protected":false},"excerpt":{"rendered":"","protected":false},"author":7,"featured_media":5889,"parent":0,"menu_order":0,"comment_status":"closed","ping_status":"closed","template":"","meta":{"_acf_changed":false,"footnotes":""},"class_list":["post-5379","page","type-page","status-publish","has-post-thumbnail","hentry"],"acf":[],"_links":{"self":[{"href":"https:\/\/aca-education.ca\/fr\/wp-json\/wp\/v2\/pages\/5379","targetHints":{"allow":["GET"]}}],"collection":[{"href":"https:\/\/aca-education.ca\/fr\/wp-json\/wp\/v2\/pages"}],"about":[{"href":"https:\/\/aca-education.ca\/fr\/wp-json\/wp\/v2\/types\/page"}],"author":[{"embeddable":true,"href":"https:\/\/aca-education.ca\/fr\/wp-json\/wp\/v2\/users\/7"}],"replies":[{"embeddable":true,"href":"https:\/\/aca-education.ca\/fr\/wp-json\/wp\/v2\/comments?post=5379"}],"version-history":[{"count":0,"href":"https:\/\/aca-education.ca\/fr\/wp-json\/wp\/v2\/pages\/5379\/revisions"}],"wp:featuredmedia":[{"embeddable":true,"href":"https:\/\/aca-education.ca\/fr\/wp-json\/wp\/v2\/media\/5889"}],"wp:attachment":[{"href":"https:\/\/aca-education.ca\/fr\/wp-json\/wp\/v2\/media?parent=5379"}],"curies":[{"name":"wp","href":"https:\/\/api.w.org\/{rel}","templated":true}]}}